{"id":2316,"date":"2024-10-04T19:55:32","date_gmt":"2024-10-04T17:55:32","guid":{"rendered":"http:\/\/vshohenwarth-muehlbach.ac.at\/?page_id=2316"},"modified":"2024-10-04T20:30:56","modified_gmt":"2024-10-04T18:30:56","slug":"2023-24","status":"publish","type":"page","link":"https:\/\/vshohenwarth-muehlbach.ac.at\/?page_id=2316","title":{"rendered":"2023\/24"},"content":{"rendered":"<h2 style=\"text-align: center;\"><em>Schuljahr 2023\/24<\/em><\/h2>\n<p style=\"font-weight: 400;\"><strong>Sport- und Spielefest <\/strong><\/p>\n<p style=\"font-weight: 400;\">Einen Tag vor Zeugnisvergabe fand bei Sch\u00f6nwetter das Sport- und Spielefest im Schulgarten statt. Die Sch\u00fclerInnen konnten sich hierbei auf zahlreichen Stationen wie Sackh\u00fcpfen, Dosenwerfen, Kegeln usw. sportlich bet\u00e4tigen. Die Kinder waren mit voller Begeisterung dabei und wurden am Ende mit einer Urkunde belohnt. Vielen Dank nochmals an den Elternverein f\u00fcr die Verk\u00f6stigung!<\/p>\n<p>Zu den Fotos: <a href=\"https:\/\/vshohenwarthmuehlbach-my.sharepoint.com\/:f:\/g\/personal\/galerie_vshohenwarth-muehlbach_ac_at\/EiOymqflajpBhKdcXb5WkBoBmeB7bS9PzSnPtKHKHAVqbQ?e=HuTCNq\">Sport- und Spielefest<\/a><\/p>\n<p style=\"font-weight: 400;\"><strong>Besuch von der Feuerwehr<\/strong><\/p>\n<p style=\"font-weight: 400;\">Am Montag in der letzten Schulwoche besuchte uns die FF M\u00fchlbach am Manhartsberg, FF Hohenwarth und FF Zemling. Zuerst erhielten die Kinder in den Klassen zahlreiche Informationen rund um die Feuerwehr. Im Anschluss fand die j\u00e4hrliche Evakuierungs\u00fcbung statt und danach konnten die Kinder mithilfe unterschiedlicher \u00dcbungen erfahren, wie es ist, selbst Feuerwehrmann bzw. Feuerwehrfrau zu sein.\u00a0Einen lustigen Abschluss bildete ein gro\u00dfer Badeschaumteppich im Schulgarten. Vielen Dank an die drei Freiwilligen Feuerwehren f\u00fcr den spannenden Vormittag.<\/p>\n<p>Zu den Fotos: <a href=\"https:\/\/vshohenwarthmuehlbach-my.sharepoint.com\/:f:\/g\/personal\/galerie_vshohenwarth-muehlbach_ac_at\/ElBQSDf5-pFJgOTSbL2R5tIBgHxveq_5bApqQdU1GyKtQw?e=0FokXh\">Besuch von der Feuerwehr<\/a><\/p>\n<p style=\"font-weight: 400;\"><strong>Theaterst\u00fcck<\/strong><\/p>\n<p style=\"font-weight: 400;\">Am Donnerstag, dem 20. Juni fand die Verabschiedung von unserer Schulwartin Fr. Elisabeth Trauner im Gemeindezentrum Hohenwarth statt, da sie ihre wohlverdiente Pension antritt. Die Kinder f\u00fchrten ein kurzes Theaterst\u00fcck und das Minimusical \u201eLilli und das unglaubliche Comeback\u201c auf. Wir w\u00fcnschen ihr viel Gl\u00fcck, Gesundheit, Ruhe und Entspannung f\u00fcr den neuen Lebensabschnitt!<\/p>\n<p style=\"font-weight: 400;\"><strong>Kinderpolizei<\/strong><\/p>\n<p style=\"font-weight: 400;\">Die Kinder der 1. und 2. Klasse besuchten den Polizeiposten in Ravelsbach. Dort erfuhren die Sch\u00fclerInnen viel \u00fcber die Arbeit eines Polizisten.<\/p>\n<p style=\"font-weight: 400;\"><strong>Schulmuseum &#8211; Michelstetten<\/strong><\/p>\n<p style=\"font-weight: 400;\">Am Dienstag, dem 18. Juni fuhren alle Sch\u00fclerInnen der Volksschule M\u00fchlbach nach Michelstetten in das Schulmuseum. Dort konnten die Kinder in einer abwechslungsreichen Zeitreise das Schulleben vergangener Tage kennenlernen. Im historischen Klassenzimmer auf uralten Schulb\u00e4nken sitzend durften die Sch\u00fclerInnen einen Unterricht anno dazumal mit einer \u201estrengen\u201c Lehrerin im Rahmen einer F\u00fchrung erleben. Anschlie\u00dfend besuchten die Kinder die Schreibwerkstatt, bei der sie beispielsweise mit einem Griffel auf einer Schiefertafel schreiben durften. F\u00fcr die Sch\u00fclerInnen war es ein interessanter und lehrreicher Ausflug.<\/p>\n<p style=\"font-weight: 400;\">An dieser Stelle m\u00f6chten wir uns noch einmal bei der Gemeinde und dem Elternverein f\u00fcr die \u00dcbernahme der Buskosten bedanken!<\/p>\n<p>Zu den Fotos: <a href=\"https:\/\/vshohenwarthmuehlbach-my.sharepoint.com\/:f:\/g\/personal\/galerie_vshohenwarth-muehlbach_ac_at\/EnNvBB414dlJjah6oOv8o04BNPWuLQVlp2zrPAoz72shmQ?e=C5u7og\">Schulmuseum &#8211; Michelstetten<\/a><\/p>\n<p style=\"font-weight: 400;\"><strong>Schnuppertag \u2013 Kindergarten<\/strong><\/p>\n<p style=\"font-weight: 400;\">Am Donnerstag, dem 23. Mai besuchten uns die zuk\u00fcnftigen Schulanf\u00e4ngerInnen, bevor es im Herbst f\u00fcr sie offiziell losgeht. Die Sch\u00fclerInnen der 1. Schulstufe nahmen die Kindergartenkinder sofort herzlich auf und verbrachten mit ihnen einen sch\u00f6nen Vormittag. Neben ein paar gemeinsamen Aktivit\u00e4ten, bekamen die Kinder auch einen guten Einblick in den Schulalltag. Sowohl f\u00fcr die Schulkinder als auch f\u00fcr die Kinder vom Kindergarten war es ein spannendes und lustiges Erlebnis.<\/p>\n<p>Zu den Fotos: <a href=\"https:\/\/vshohenwarthmuehlbach-my.sharepoint.com\/:f:\/g\/personal\/galerie_vshohenwarth-muehlbach_ac_at\/EmSju6eoSchEsoBrp-mq870BegfomU-2zLTmmNu8INHQ1Q?e=vbVwWE\">Schnuppertag<\/a><\/p>\n<p style=\"font-weight: 400;\"><strong>Raiffeisen Zeichenwettbewerb<\/strong><\/p>\n<p style=\"font-weight: 400;\">Auch dieses Jahr nahm unsere Schule am Raiffeisen Zeichenwettbewerb teil. Das diesj\u00e4hrige Thema \u201eDer Erde eine Zukunft geben\u201c konnte von unseren Sch\u00fclerInnen gut umgesetzt werden. Es entstanden wundersch\u00f6ne Kunstwerke. Am 15. Mai, im Zuge der Vernissage, erhielten die GewinnerInnen ihre Preise.<\/p>\n<p>Zu den Fotos: <a href=\"https:\/\/vshohenwarthmuehlbach-my.sharepoint.com\/:f:\/g\/personal\/galerie_vshohenwarth-muehlbach_ac_at\/EkMorKId39tFqocxSJNAWI8BlG1QzeF12sjWlXnrG_xxRw?e=IT0GXo\">Zeichenwettbewerb<\/a><\/p>\n<p style=\"font-weight: 400;\"><strong>Theater \u2013 \u201eWer ist Rosa Mey?\u201c<\/strong><\/p>\n<p style=\"font-weight: 400;\">Am 15. Mai fuhren alle Kinder nach Ziersdorf in das Konzerthaus, um sich das Theater \u201eWer ist Rosa Mey?\u201c anzusehen. Der spannende Inhalt der Geschichte drehte sich um das Thema \u201eMobbing\u201c. Das Ziel dieses St\u00fccks war es, die Kinder f\u00fcr dieses Thema zu sensibilisieren. Die Sch\u00fclerInnen verfolgten das Theaterst\u00fcck mit gro\u00dfem Interesse.<\/p>\n<p>Zu den Fotos: <a href=\"https:\/\/vshohenwarthmuehlbach-my.sharepoint.com\/:f:\/g\/personal\/galerie_vshohenwarth-muehlbach_ac_at\/Et8QJ7fk9FdNohdX6LJD8a8BZZOq5gdSobugF_eteCdMJg?e=bl6LSe\">Theater<\/a><\/p>\n<p style=\"font-weight: 400;\"><strong>Wasserjugendspiele \u2013 Pulkau<\/strong><\/p>\n<p style=\"font-weight: 400;\">Die Sch\u00fclerInnen der 3. und 4. Klasse machten sich am Montag, dem 6. Mai, auf den Weg nach Pulkau zu den vom nieder\u00f6sterreichischen Jugendrotkreuz organisierten Wasserjugendspielen. Dort absolvierten die Kinder bei sonnigem Wetter 10 Stationen zum Thema \u201eWasser\u201c. Alle Sch\u00fclerInnen waren mit gro\u00dfer Begeisterung dabei. Zum Abschluss konnten alle gemeinsam ein leckeres Eis genie\u00dfen.<\/p>\n<p style=\"font-weight: 400;\">An dieser Stelle m\u00f6chten wir uns nochmals bei der Gemeinde f\u00fcr die \u00dcbernahme der Buskosten bedanken.<\/p>\n<p>Zu den Fotos: <a href=\"https:\/\/vshohenwarthmuehlbach-my.sharepoint.com\/:f:\/g\/personal\/galerie_vshohenwarth-muehlbach_ac_at\/Ehg4EFWdV1hKh5b49BvOKkEBwe8lMmdj70wnrKq9KtHvEg?e=oaexdp\">Wasserjugendspiele<\/a><\/p>\n<p style=\"font-weight: 400;\"><strong>Mitmachtheater \u2013 Rock 4 Kids<\/strong><\/p>\n<p style=\"font-weight: 400;\">Am 24. April besuchten alle Kinder das Mitmachtheater von \u201eRock 4 Kids\u201c, welches in der Volksschule Ravelsbach stattfand. Die Sch\u00fclerInnen durften sich aktiv am musikalischen Geschehen beteiligen und hatten dabei gro\u00dfen Spa\u00df.<\/p>\n<p>Zu den Fotos: <a href=\"https:\/\/vshohenwarthmuehlbach-my.sharepoint.com\/:f:\/g\/personal\/galerie_vshohenwarth-muehlbach_ac_at\/EpDA3vWqOVRCqj74VQDJPeUBX8NDdDGFXKBby6a0bJzYsg?e=WX5kmg\">Mitmachtheater<\/a><\/p>\n<p style=\"font-weight: 400;\"><strong>Laufen gegen Krebs<\/strong><\/p>\n<p style=\"font-weight: 400;\">Auch in diesem Schuljahr machten wir beim Charity Run \u201eLaufen gegen Krebs \u2013 die Schulchallenge\u201c mit. Die Sch\u00fclerInnen waren mit gro\u00dfem Eifer dabei und konnten die 400 bzw. 800 Meter ohne Probleme meistern. Jedes Kind erhielt als Dankesch\u00f6n f\u00fcr die Teilnahme eine Medaille.<\/p>\n<p>Zu den Fotos: <a href=\"https:\/\/vshohenwarthmuehlbach-my.sharepoint.com\/:f:\/g\/personal\/galerie_vshohenwarth-muehlbach_ac_at\/Em4ZRsjBa15Gua4QI2itaWcB4xLl27VWh8_ybqytRfQH5g?e=zXWt0h\">Laufen gegen Krebs<\/a><\/p>\n<p style=\"font-weight: 400;\"><strong>Instrumentenvorstellung \u2013 Blasmusik <\/strong><\/p>\n<p style=\"font-weight: 400;\">Nach einem kurzen Fu\u00dfmarsch erreichten wir das Musikerheim in M\u00fchlbach. Dort angekommen erwarteten uns bereits einige MusikerInnen, welche zu Beginn ein Lied spielten. Im Anschluss wurden den Kindern einige der Instrumente kurz vorgestellt. Das Ausprobieren der verschiedenen Instrumente war f\u00fcr die Sch\u00fclerInnen ein echtes Highlight. Vielen Dank an die MusikerInnen der Blasmusik, die sich f\u00fcr uns Zeit genommen haben!<\/p>\n<p>Zu den Fotos: <a href=\"https:\/\/vshohenwarthmuehlbach-my.sharepoint.com\/:f:\/g\/personal\/galerie_vshohenwarth-muehlbach_ac_at\/EndJZ-xZrghFtAJizKKn9rwBnrh2wC8lDXwaslCZvBLR_Q?e=u9SER9\">Instrumentenvorstellung<\/a><\/p>\n<p style=\"font-weight: 400;\"><strong>dAnimals<\/strong><\/p>\n<p style=\"font-weight: 400;\">Alle Sch\u00fclerInnen unserer Schule fuhren am 18. April\u00a0 nach Gro\u00dfweikersdorf zum Bauernhof der Familie Schretzmeier. Die Kinder durften verschiedenste Tiere f\u00fcttern, auf Stationen mehr \u00fcber \u201eHenne &amp; Ei\u201c erfahren, eine lehrreiche R\u00e4tselrallye durchf\u00fchren sowie Lamas und Alpakas beobachten. Zwischen all diesen Aktivit\u00e4ten konnten die Kinder in der Pause ihre Jause verzehren und sich anschlie\u00dfend auf der Wiese austoben. Wir bedanken uns bei der Familie Schretzmeier f\u00fcr diesen erlebnisreichen Schultag!<\/p>\n<p>Zu den Fotos: <a href=\"https:\/\/vshohenwarthmuehlbach-my.sharepoint.com\/:f:\/g\/personal\/galerie_vshohenwarth-muehlbach_ac_at\/Ekuu1Y7qGoREgofx0QiBDRMBHx9X9Srqo7qKDJ2ajuUcvw?e=imIERX\">dAnimals<\/a><\/p>\n<p style=\"font-weight: 400;\"><strong>Besuch in der B\u00e4ckerei <\/strong><\/p>\n<p style=\"font-weight: 400;\">Am 14. M\u00e4rz besuchten alle Sch\u00fclerInnen die B\u00e4ckerei \u201eBurger\u201c in Gro\u00dfweikersdorf. Dort konnten die Kinder die verschiedenen Arbeitsschritte eines B\u00e4ckers beobachten. Nach einer kurzen Einf\u00fchrung durften sie sich selbst ans Werk machen und Kipferl, Z\u00f6pfe usw. formen. Ihre fertigen K\u00f6stlichkeiten bekamen sie anschlie\u00dfend mit nach Hause. Vielen lieben Dank an die Firma Burger f\u00fcr den spannenden Vormittag.<\/p>\n<p>Zu den Fotos: <a href=\"https:\/\/vshohenwarthmuehlbach-my.sharepoint.com\/:f:\/g\/personal\/galerie_vshohenwarth-muehlbach_ac_at\/EqikZf_jQwRBqPgBLEnEiSkBhZWi0Bv9BbzdrcKpqqgTgA?e=HyEmyJ\">B\u00e4ckerei<\/a><\/p>\n<p style=\"font-weight: 400;\"><strong>Eislaufen<\/strong><\/p>\n<p style=\"font-weight: 400;\">Um unseren Sportunterricht abwechslungsreicher zu gestalten, fuhren wir zweimal\u00a0 mit den Sch\u00fclerInnen eislaufen. Am 1. Februar besuchten wir den Eislaufplatz in Sitzendorf und am 23. Februar den Eislaufplatz in Gars am Kamp. Die Kinder hatten viel Spa\u00df dabei und sind mit und ohne Pinguin \u00fcber die Eisfl\u00e4che geflitzt.<\/p>\n<p>Zu den Fotos: <a href=\"https:\/\/vshohenwarthmuehlbach-my.sharepoint.com\/:f:\/g\/personal\/galerie_vshohenwarth-muehlbach_ac_at\/EqPtQuAkw-xAsZS0hk14UUQBOY0tANRNY2CdYlZ4zKbpOw?e=zo2SJu\">Eislaufen<\/a><\/p>\n<p style=\"font-weight: 400; text-align: left;\"><strong>Theaterbesuch <\/strong><\/p>\n<p style=\"font-weight: 400;\">Am 25. J\u00e4nner fuhren alle Klassen ins Theater nach Hollabrunn. \u201eTheater mit Horizont\u201c zeigte im Stadtsaal das St\u00fcck \u201eAlice im Wunderland\u201c. Den Kindern gefiel der Besuch im Theater sehr gut.<\/p>\n<p>Zu den Fotos: <a href=\"https:\/\/vshohenwarthmuehlbach-my.sharepoint.com\/:f:\/g\/personal\/galerie_vshohenwarth-muehlbach_ac_at\/ErYP7oK7oLtMo2lNOMeLaasB1h281dMuwGXS77JTqDOWWw?e=dbLeEa\">Theaterbesuch<\/a><\/p>\n<p style=\"text-align: left;\"><strong>Kinobesuch<\/strong><\/p>\n<p>Kurz vor den Weihnachtsferien fuhren alle Sch\u00fclerInnen mit ihren Lehrerinnen mit dem Zug ins Star Movie Tulln. Die Kinder freuten sich sehr, den neuen Disney Film &#8222;Wish&#8220; zu sehen. Nat\u00fcrlich durften Popcorn und Nachos nicht fehlen \ud83d\ude09<\/p>\n<p>Zu den Fotos: <a href=\"https:\/\/vshohenwarthmuehlbach-my.sharepoint.com\/:f:\/g\/personal\/galerie_vshohenwarth-muehlbach_ac_at\/EnKUOnZol0RNooOopI0ZZiIBKBDk74JvzfMM8a4t2pP1gA?e=Vw5lxW\">Kinobesuch<\/a><\/p>\n<p><strong>Pause im Schnee<\/strong><\/p>\n<p>Nach langem Warten kam endlich der erste Schnee. Die Sch\u00fclerInnen der 3. Klasse konnten es kaum erwarten, die gro\u00dfe Pause im verschneiten Schulgarten zu verbringen.<\/p>\n<p>Zu den Fotos: <a href=\"https:\/\/vshohenwarthmuehlbach-my.sharepoint.com\/:f:\/g\/personal\/galerie_vshohenwarth-muehlbach_ac_at\/EtnmUW7hUbpDjQ80F0vWKWoBAPt0Tnk8qfAHbYwszjz_QA?e=kUxnM2\">Pause im Schnee<\/a><\/p>\n<p><strong>Kleines Konzert im Musikunterricht<\/strong><\/p>\n<p>Die Kinder der 3. und 4. Klasse, die ein Instrument spielen, durften dieses im Musikunterricht kurz vorstellen, sowie 1-2 Musikst\u00fccke vortragen. Ihren Mitsch\u00fclerInnen gefiel das Konzert sehr gut und die kleinen MusikerInnen wurden mit gro\u00dfem Applaus belohnt.<\/p>\n<p>Zu den Fotos: <a href=\"https:\/\/vshohenwarthmuehlbach-my.sharepoint.com\/:f:\/g\/personal\/galerie_vshohenwarth-muehlbach_ac_at\/Egz0Dm3Z7HBLp8Jg9T1xy6wBt6GGGIvq19mURW3GrUCzKw?e=WtriQd\">Konzert<\/a><\/p>\n<p><strong>Tennis<\/strong><\/p>\n<p>Auch heuer konnten die Sch\u00fclerInnen unter der Leitung von Herrn Franz Bauer wieder zahlreiche Erfahrungen im Tennis sammeln. Die Kinder waren mit gro\u00dfem Eifer bei der Sache und hatten sichtlich Spa\u00df dabei.<\/p>\n<p>Zu den Fotos: <a href=\"https:\/\/vshohenwarthmuehlbach-my.sharepoint.com\/:f:\/g\/personal\/galerie_vshohenwarth-muehlbach_ac_at\/EgvUuh9KMDtNgBiYQ-vbwZ4BMX5IJnGj8kIvg8NMge9lvA?e=LQBl31\">Tennis<\/a><\/p>\n<p><strong>Tag der offenen T\u00fcr &#8222;Steinbruch Hengl&#8220;<\/strong><\/p>\n<p style=\"font-weight: 400;\">Am Donnerstag, dem 28. Oktober 2023 fuhren alle Sch\u00fclerinnen und Sch\u00fcler nach Limberg zum Steinbruch Hengl. Den Kindern wurden zuerst einige Baufahrzeuge und deren Funktionen vorgestellt. Anschlie\u00dfend machten wir eine kleine Bustour durch den Steinbruch und erhielten dabei zahlreiche Informationen und Einblicke in den Betrieb. Nach dieser beeindruckenden Fahrt durften die Kinder Edelsteine suchen und sich danach im Festzelt st\u00e4rken. F\u00fcr die Sch\u00fclerinnen und Sch\u00fcler war es ein spannender Ausflug. Vielen Dank an den Steinbruch Hengl f\u00fcr diesen erlebnisreichen Schulvormittag!<\/p>\n<p>Zu den Fotos: <a href=\"https:\/\/vshohenwarthmuehlbach-my.sharepoint.com\/:f:\/g\/personal\/galerie_vshohenwarth-muehlbach_ac_at\/Emk6R6bfCKZBvMWAgFiQyAkBVzsJ5LcHg-1EwHGtM8fcnA?e=AjdYtu\">Steinbruch Hengl<\/a><\/p>\n<p><strong>Wandertag<\/strong><\/p>\n<p>Am Mittwoch, den 18. Oktober 2023 wanderten alle Sch\u00fclerInnen bei sch\u00f6nem, aber k\u00fchlem Herbstwetter nach B\u00f6send\u00fcrnbach. Zwischendurch hatten die Kinder Zeit, ihre Jause zu essen, gemeinsam zu spielen sowie sich auszuruhen. M\u00fcde, aber zufrieden machten wir uns zu Mittag wieder auf den Heimweg.<\/p>\n<p>Zu den Fotos: <a href=\"https:\/\/vshohenwarthmuehlbach-my.sharepoint.com\/:f:\/g\/personal\/galerie_vshohenwarth-muehlbach_ac_at\/EjJ-THN9WpBEkmYI-Q26mnQBR7-aKI-4xaQangXehUN39A?e=xKZNUp\">Wandertag<\/a><\/p>\n","protected":false},"excerpt":{"rendered":"<p>Schuljahr 2023\/24 Sport- und Spielefest Einen Tag vor Zeugnisvergabe fand bei Sch\u00f6nwetter das Sport- und Spielefest im Schulgarten statt. Die Sch\u00fclerInnen konnten sich hierbei auf zahlreichen Stationen wie Sackh\u00fcpfen, Dosenwerfen, Kegeln usw. sportlich bet\u00e4tigen. Die Kinder waren mit voller Begeisterung dabei und wurden am Ende mit einer Urkunde belohnt. Vielen Dank nochmals an den Elternverein &hellip; <\/p>\n<p class=\"link-more\"><a href=\"https:\/\/vshohenwarth-muehlbach.ac.at\/?page_id=2316\" class=\"more-link\"><span class=\"screen-reader-text\">\u201e2023\/24\u201c<\/span> weiterlesen<\/a><\/p>\n","protected":false},"author":2,"featured_media":0,"parent":0,"menu_order":0,"comment_status":"closed","ping_status":"closed","template":"","meta":{"footnotes":""},"class_list":["post-2316","page","type-page","status-publish","hentry"],"_links":{"self":[{"href":"https:\/\/vshohenwarth-muehlbach.ac.at\/index.php?rest_route=\/wp\/v2\/pages\/2316","targetHints":{"allow":["GET"]}}],"collection":[{"href":"https:\/\/vshohenwarth-muehlbach.ac.at\/index.php?rest_route=\/wp\/v2\/pages"}],"about":[{"href":"https:\/\/vshohenwarth-muehlbach.ac.at\/index.php?rest_route=\/wp\/v2\/types\/page"}],"author":[{"embeddable":true,"href":"https:\/\/vshohenwarth-muehlbach.ac.at\/index.php?rest_route=\/wp\/v2\/users\/2"}],"replies":[{"embeddable":true,"href":"https:\/\/vshohenwarth-muehlbach.ac.at\/index.php?rest_route=%2Fwp%2Fv2%2Fcomments&post=2316"}],"version-history":[{"count":4,"href":"https:\/\/vshohenwarth-muehlbach.ac.at\/index.php?rest_route=\/wp\/v2\/pages\/2316\/revisions"}],"predecessor-version":[{"id":2366,"href":"https:\/\/vshohenwarth-muehlbach.ac.at\/index.php?rest_route=\/wp\/v2\/pages\/2316\/revisions\/2366"}],"wp:attachment":[{"href":"https:\/\/vshohenwarth-muehlbach.ac.at\/index.php?rest_route=%2Fwp%2Fv2%2Fmedia&parent=2316"}],"curies":[{"name":"wp","href":"https:\/\/api.w.org\/{rel}","templated":true}]}}