{"id":2319,"date":"2024-10-04T19:57:05","date_gmt":"2024-10-04T17:57:05","guid":{"rendered":"http:\/\/vshohenwarth-muehlbach.ac.at\/?page_id=2319"},"modified":"2024-10-04T20:29:50","modified_gmt":"2024-10-04T18:29:50","slug":"2022-23","status":"publish","type":"page","link":"https:\/\/vshohenwarth-muehlbach.ac.at\/?page_id=2319","title":{"rendered":"2022\/23"},"content":{"rendered":"<h2 style=\"text-align: center;\"><em>Schuljahr 2022\/23<\/em><\/h2>\n<p><strong>Besuch von Weihbischof Stephan Turnovszky<\/strong><\/p>\n<p>Am 17.11. besuchte Weihbischof Turnovszky die VS M\u00fchlbach-Hohenwarth. Frau Lehrer Mucha hatte f\u00fcr diesen Anlass mit den Kindern ein Programm in der Kirche vorbereitet. Im Anschluss lud der Elternverein zu einer Agape in die Schule ein.<\/p>\n<p>Zu den Fotos: <a href=\"https:\/\/vshohenwarthmuehlbach-my.sharepoint.com\/:f:\/g\/personal\/galerie_vshohenwarth-muehlbach_ac_at\/EpCbmLqElnRLtbgDk704p9EB4eTSSYm0po9cnOtVVAzNwg?e=BqgcAB\">Bischofsvisitation<\/a><\/p>\n<p><strong>Besuch der Landeshauptstadt<\/strong><\/p>\n<p>Am 14. November fuhren die 3. und 4. Klasse nach Sankt P\u00f6lten. Die Kinder lernten die Landeshauptstadt kennen. Zu Fu\u00df marschierten sie durch die Altstadt, unter anderem vorbei am Olbrich-Haus, dem Zwiebeltellerhaus, der Apotheke am scharfen Eck. Sie sahen das &#8222;Ohr des B\u00fcrgermeisters&#8220; sowie das Rathaus, den Dom und nat\u00fcrlich auch das Landhaus mit dem Klangturm.<\/p>\n<p>An dieser Stelle m\u00f6chten wir uns nochmals beim Elternverein f\u00fcr die Finanzierung des Buses bedanken!<\/p>\n<p>Zu den Fotos: <a href=\"https:\/\/vshohenwarthmuehlbach-my.sharepoint.com\/:f:\/g\/personal\/galerie_vshohenwarth-muehlbach_ac_at\/EjOGc8z46pZHgH7NLaPEgAwBMVDhbiIlI1f2KRYPUKgb8Q?e=sJ9waM\">Sankt P\u00f6lten<\/a><\/p>\n<p><strong>Bio-Fr\u00fchst\u00fcck<\/strong><\/p>\n<p>Am 10. Oktober wurden wir von der AMA, als Dankesch\u00f6n f\u00fcr unsere Teilnahme am Bio-Projekt, zu einem Bio-Fr\u00fchst\u00fcck eingeladen. Das Fr\u00fchst\u00fcck wurde von Evi&#8217;s Naturkostladen aus Krems\/Donau geliefert und beinhaltete alles was das Herz begehrt.<\/p>\n<p>Zu den Fotos: <a href=\"https:\/\/vshohenwarthmuehlbach-my.sharepoint.com\/:f:\/g\/personal\/galerie_vshohenwarth-muehlbach_ac_at\/EjDBmvRG88RBsz-tm1wIKNcBqBh6ccd0LIPGSWcW1zGqrw?e=aSjlOx\">Fr\u00fchst\u00fcck<\/a><\/p>\n<p><strong>Jausenbox der Familie Tonni<\/strong><\/p>\n<p>Jeder von uns produziert Tag t\u00e4glich Abf\u00e4lle. Durch die Verwendung von Jausenboxen, vermeiden wir Folien und durch Mehrwegflaschen k\u00f6nnen Plastikflaschen vermieden werden.<\/p>\n<p>Um schon die Kinder auf die Abfallproblematik hinzuweisen, verteilte der Abfallverband Hollabrunn wieder 519 Jausenboxen mit der Familie Tonni an die Tafelklassler im Bezirk Hollabrunn.<\/p>\n<p><a href=\"http:\/\/vshohenwarth-muehlbach.ac.at\/wp-content\/uploads\/2022\/10\/VS-Hohenwarth-scaled.jpg\"><img loading=\"lazy\" decoding=\"async\" class=\"alignnone size-medium wp-image-2243\" src=\"http:\/\/vshohenwarth-muehlbach.ac.at\/wp-content\/uploads\/2022\/10\/VS-Hohenwarth-300x225.jpg\" alt=\"\" width=\"300\" height=\"225\" srcset=\"https:\/\/vshohenwarth-muehlbach.ac.at\/wp-content\/uploads\/2022\/10\/VS-Hohenwarth-300x225.jpg 300w, https:\/\/vshohenwarth-muehlbach.ac.at\/wp-content\/uploads\/2022\/10\/VS-Hohenwarth-1024x768.jpg 1024w, https:\/\/vshohenwarth-muehlbach.ac.at\/wp-content\/uploads\/2022\/10\/VS-Hohenwarth-768x576.jpg 768w, https:\/\/vshohenwarth-muehlbach.ac.at\/wp-content\/uploads\/2022\/10\/VS-Hohenwarth-1536x1152.jpg 1536w, https:\/\/vshohenwarth-muehlbach.ac.at\/wp-content\/uploads\/2022\/10\/VS-Hohenwarth-2048x1536.jpg 2048w\" sizes=\"auto, (max-width: 300px) 100vw, 300px\" \/><\/a><\/p>\n<p><strong>Abfallvermeidung in Zahlen:<\/strong><\/p>\n<p>&#8211; \u00dcber 5 kg Kunststoffabfall pro Sch\u00fcler:in<\/p>\n<p>&#8211; ca. 2.560 kg pro Jahr<\/p>\n<p>&#8211; 10.240 kg in 4 Jahren<\/p>\n<p>&#8211; rund 40.000 kg f\u00fcr alle unsere Volksschulkinder<\/p>\n<p><strong>Schulkino<\/strong><\/p>\n<p>Am 12.10.2022 unternahmen alle Sch\u00fclerinnen und Sch\u00fcler einen Ausflug. Gemeinsam fuhren wir von Ziersdorf nach Tulln an der Donau ins Starmovie und schauten uns gemeinsam &#8222;Die Schule der magischen Tiere 2&#8220; an. Wir hatten eine Menge Spa\u00df. Nach dem Kino wurde noch eine Wanderung entlang der Donau gemacht.<\/p>\n<p>Zu den Fotos: <a href=\"https:\/\/vshohenwarthmuehlbach-my.sharepoint.com\/:f:\/r\/personal\/galerie_vshohenwarth-muehlbach_ac_at\/Documents\/12.10.2022%20-%20Kino?csf=1&amp;web=1&amp;e=afjV7z\">12.10.2022 &#8211; Kino<\/a><\/p>\n<p><strong>Apfelsaft<\/strong><\/p>\n<p>Unsere \u00c4pfel im Schulgarten sammelten wir eifrig zusammen und bekamen daf\u00fcr eine Menge Apfelsaft. Vielen Dank an die Gemeinde, die die Kosten f\u00fcr den Apfelsaft \u00fcbernahm.<\/p>\n<p>Zu den Fotos: <a href=\"https:\/\/vshohenwarthmuehlbach-my.sharepoint.com\/:f:\/r\/personal\/galerie_vshohenwarth-muehlbach_ac_at\/Documents\/Apfelsaft?csf=1&amp;web=1&amp;e=ovtedf\">Apfelsaft<\/a><\/p>\n<p><strong>Herbstspaziergang<\/strong><\/p>\n<p>Wir genie\u00dfen unsere Turnstunden bei sch\u00f6nem Wetter im Schlosspark.<\/p>\n<p>Zu den Fotos: <a href=\"https:\/\/vshohenwarthmuehlbach-my.sharepoint.com\/:f:\/r\/personal\/galerie_vshohenwarth-muehlbach_ac_at\/Documents\/Herbstspaziergang?csf=1&amp;web=1&amp;e=gcT1az\">Herbstspaziergang<\/a><\/p>\n<p><strong>50 Jahre Marktgemeinde<\/strong><\/p>\n<p>Wir beteiligten uns bei dieser Feier mit einem Lied und verschiedensten Zeichnungen.<\/p>\n<p>Zu den Fotos: <a href=\"https:\/\/vshohenwarthmuehlbach-my.sharepoint.com\/:f:\/r\/personal\/galerie_vshohenwarth-muehlbach_ac_at\/Documents\/50%20Jahre%20Marktgemeinde?csf=1&amp;web=1&amp;e=cjOCmi\">50 Jahre Marktgemeinde<\/a><\/p>\n<p><strong>Weinviertler Schulmaterialien<\/strong><\/p>\n<p>Die LEADER Region Weinviertel-Manhartsberg setzt gemeinsam mit den weiteren LEADER- und Kleinregionen sowie Weinviertel Tourismus Ma\u00dfnahmen, um den Stolz der Weinviertlerinnen und Weinviertler zu st\u00e4rken! In diesem Zusammenhang sind die Schulen ganz wesentlich.<br \/>\nSo \u00fcbergab Renate Mihle von der LEADER Region Weinviertel-Manhartsberg die Unterrichtsmaterialien \u00fcber das WEINVIERTEL an die Direktorin der Volksschule M\u00fchlbach, Helga Leidenfrost sowie B\u00fcrgermeister Martin Gudenus. Die Lehrkr\u00e4fte bedankten sich sehr f\u00fcr den ansprechend und interessant gestalteten Weinviertel-Schulfolder und die Landkarte.<br \/>\n\u201eDas Bewusstsein f\u00fcr die Heimatregion soll so schon im Kindesalter gest\u00e4rkt werden. Die Landkarte stellt spannende Ausflugsziele im Weinviertel dar und das R\u00e4tselheft vermittelt spielerisch Wissenswertes \u00fcber unser Weinviertel\u201c, freut sich Bgm. Gudenus \u00fcber die Materialien.<\/p>\n<p>S\u00e4mtliche Fakten zum Weinviertel gibt es zum Nachlesen auf https:\/\/mein.weinviertel.at\/<\/p>\n<p>Die Weinviertler Kinder-Landkarte gibt es auf https:\/\/mein.weinviertel.at\/schulunterlagen<br \/>\nzum Runterladen.<\/p>\n<p>Zu den Fotos: <a href=\"https:\/\/vshohenwarthmuehlbach-my.sharepoint.com\/:f:\/r\/personal\/galerie_vshohenwarth-muehlbach_ac_at\/Documents\/Weinviertel%20Schulmaterialien?csf=1&amp;web=1&amp;e=3dOW4I\">Weinviertel Schulmaterialien<\/a><\/p>\n<p><strong>AMA Bio Aktion<\/strong><\/p>\n<p>Im Rahmen der Bio-Aktionstage wurde zum dritten Mal die AMA Bio-Aktion f\u00fcr Volksschulen angeboten. Im September erarbeiteten die Kinder im Klassenverband spannende Informationen rund um die biologische Wirtschaftsweise.<\/p>\n<p>Zu den Fotos: <a href=\"https:\/\/vshohenwarthmuehlbach-my.sharepoint.com\/:f:\/r\/personal\/galerie_vshohenwarth-muehlbach_ac_at\/Documents\/AMA%20Bio%20Aktion?csf=1&amp;web=1&amp;e=as9Jsl\">AMA Bio Aktion<\/a><\/p>\n<p><strong>Aktion Schutzengel<\/strong><\/p>\n<p><a href=\"http:\/\/vshohenwarth-muehlbach.ac.at\/wp-content\/uploads\/2022\/10\/Aktion-Schutzengel.jpeg\"><img loading=\"lazy\" decoding=\"async\" class=\"alignnone size-medium wp-image-2234\" src=\"http:\/\/vshohenwarth-muehlbach.ac.at\/wp-content\/uploads\/2022\/10\/Aktion-Schutzengel-300x225.jpeg\" alt=\"\" width=\"300\" height=\"225\" srcset=\"https:\/\/vshohenwarth-muehlbach.ac.at\/wp-content\/uploads\/2022\/10\/Aktion-Schutzengel-300x225.jpeg 300w, https:\/\/vshohenwarth-muehlbach.ac.at\/wp-content\/uploads\/2022\/10\/Aktion-Schutzengel-1024x768.jpeg 1024w, https:\/\/vshohenwarth-muehlbach.ac.at\/wp-content\/uploads\/2022\/10\/Aktion-Schutzengel-768x576.jpeg 768w, https:\/\/vshohenwarth-muehlbach.ac.at\/wp-content\/uploads\/2022\/10\/Aktion-Schutzengel-1536x1152.jpeg 1536w, https:\/\/vshohenwarth-muehlbach.ac.at\/wp-content\/uploads\/2022\/10\/Aktion-Schutzengel.jpeg 1600w\" sizes=\"auto, (max-width: 300px) 100vw, 300px\" \/><\/a><\/p>\n","protected":false},"excerpt":{"rendered":"<p>Schuljahr 2022\/23 Besuch von Weihbischof Stephan Turnovszky Am 17.11. besuchte Weihbischof Turnovszky die VS M\u00fchlbach-Hohenwarth. Frau Lehrer Mucha hatte f\u00fcr diesen Anlass mit den Kindern ein Programm in der Kirche vorbereitet. Im Anschluss lud der Elternverein zu einer Agape in die Schule ein. Zu den Fotos: Bischofsvisitation Besuch der Landeshauptstadt Am 14. November fuhren die &hellip; <\/p>\n<p class=\"link-more\"><a href=\"https:\/\/vshohenwarth-muehlbach.ac.at\/?page_id=2319\" class=\"more-link\"><span class=\"screen-reader-text\">\u201e2022\/23\u201c<\/span> weiterlesen<\/a><\/p>\n","protected":false},"author":2,"featured_media":0,"parent":0,"menu_order":0,"comment_status":"closed","ping_status":"closed","template":"","meta":{"footnotes":""},"class_list":["post-2319","page","type-page","status-publish","hentry"],"_links":{"self":[{"href":"https:\/\/vshohenwarth-muehlbach.ac.at\/index.php?rest_route=\/wp\/v2\/pages\/2319","targetHints":{"allow":["GET"]}}],"collection":[{"href":"https:\/\/vshohenwarth-muehlbach.ac.at\/index.php?rest_route=\/wp\/v2\/pages"}],"about":[{"href":"https:\/\/vshohenwarth-muehlbach.ac.at\/index.php?rest_route=\/wp\/v2\/types\/page"}],"author":[{"embeddable":true,"href":"https:\/\/vshohenwarth-muehlbach.ac.at\/index.php?rest_route=\/wp\/v2\/users\/2"}],"replies":[{"embeddable":true,"href":"https:\/\/vshohenwarth-muehlbach.ac.at\/index.php?rest_route=%2Fwp%2Fv2%2Fcomments&post=2319"}],"version-history":[{"count":2,"href":"https:\/\/vshohenwarth-muehlbach.ac.at\/index.php?rest_route=\/wp\/v2\/pages\/2319\/revisions"}],"predecessor-version":[{"id":2362,"href":"https:\/\/vshohenwarth-muehlbach.ac.at\/index.php?rest_route=\/wp\/v2\/pages\/2319\/revisions\/2362"}],"wp:attachment":[{"href":"https:\/\/vshohenwarth-muehlbach.ac.at\/index.php?rest_route=%2Fwp%2Fv2%2Fmedia&parent=2319"}],"curies":[{"name":"wp","href":"https:\/\/api.w.org\/{rel}","templated":true}]}}