{"id":2323,"date":"2024-10-04T20:00:11","date_gmt":"2024-10-04T18:00:11","guid":{"rendered":"http:\/\/vshohenwarth-muehlbach.ac.at\/?page_id=2323"},"modified":"2024-10-04T20:29:36","modified_gmt":"2024-10-04T18:29:36","slug":"2019-20","status":"publish","type":"page","link":"https:\/\/vshohenwarth-muehlbach.ac.at\/?page_id=2323","title":{"rendered":"2019\/20"},"content":{"rendered":"<h2 style=\"text-align: center;\"><em>Schuljahr 2019\/20<\/em><\/h2>\n<p><strong>Fasching in der Schule<\/strong><\/p>\n<p>Den Faschingsdienstag feierten Sch\u00fcler und Lehrer gemeinsam ausgelassen im ganzen Schulhaus.<\/p>\n<p><strong>Weihnachtsfeier<\/strong><\/p>\n<p>Am 20. Dezember 2019 fand im Dorfzentrum in Hohenwarth die allj\u00e4hrliche Weihnachtsfeier der Volksschule M\u00fchlbach statt. Die Kinder brachten die Besucher mit ihrem Programm in weihnachtliche Stimmung. Ein herzliches Dankesch\u00f6n gilt dem Elternverein, der im Anschluss f\u00fcr Speisen und Getr\u00e4nke sorgte.<\/p>\n<p><strong>Besuch NMS Ravelsbach<\/strong><\/p>\n<p>Wie jedes Jahr wurden die Kinder der 3. und 4. Schulstufe in die NMS Ravelsbach eingeladen. Sie durften in verschiedene Unterrichtsstunden hineinschnuppern.<\/p>\n<p><strong>Lesenacht Kraftwerk Thei\u00df<\/strong><\/p>\n<p>Erstmalig fand die Lesenacht der 4. Schulstufe im Kraftwerk Thei\u00df statt. Nach einer kurzen Begr\u00fc\u00dfung, einem Vortrag und einer Besichtigung des Kraftwerkes, wurde gemeinsam gelesen und vorgelesen. Discomusik rundete die gro\u00dfartige Lesenacht ab.<\/p>\n<p><strong>Power4me, Bauernhof &amp; Waldp\u00e4dagogik<\/strong><\/p>\n<p>Im Herbst nahmen die Kinder an den Projekten Power4me, Bauernhof und Waldp\u00e4dagogik teil.<\/p>\n<p>In der Schule fand das Selbstsicherheitstraining Power4me statt. Mit der Biob\u00e4uerin Frau Scharinger aus Platt lernten wir viel \u00fcber das Schwein und konnten anschlie\u00dfend Schnitzel backen. Mit der Natur- und Waldp\u00e4dagogin Veronika Schneider-Wei\u00df spazierten wir durch den Wald. Die Kinder nahmen mit Begeisterung teil und freuen sich schon auf die n\u00e4chsten Projekte.<\/p>\n<p><strong>Abfallverband Hollabrunn<br \/>\n<\/strong><\/p>\n<p>Die Sch\u00fclerInnen der 1. Klasse freuen sich sehr \u00fcber die Jausenboxen vom Abfallverband Hollabrunn. Das ist ihr erster Schritt zur Abfallvermeidung.<\/p>\n<p><strong>Elternverein + 60. Geburtstag<\/strong><\/p>\n<p>Der Elternverein finanzierte f\u00fcr die Kinder eine Spieletonne, die von den Sch\u00fclerInnen mit Begeisterung angenommen wurde. Weiters durften wir am Projekt \u201ePower 4 me\u201c teilnehmen, bei dem die Kinder lernten, aus einem positiven selbstbewussten K\u00f6rpergef\u00fchl heraus, Gefahrensituationen richtig einzusch\u00e4tzen und selbstsicher darauf zu reagieren.<\/p>\n<p>Am 26. Juni fand in der Volksschule ein Spielefest statt. An diesem Tag gratulierten die Kinder, Eltern und Gemeindevertreter unserer Frau Direktor Leidenfrost mit Gedichten und Liedern zum 60. Geburtstag.<\/p>\n<p><strong>Hardegg<\/strong><\/p>\n<p>Im Juni verbrachten die Sch\u00fclerInnen der 4. Klasse der VS M\u00fchlbach mit ihrer Lehrerin VOL Winter drei spannende Tage im Nationalpark Thayatal, wo sie im neuen Wildkatzencamp Hardegg n\u00e4chtigten.<\/p>\n<p><strong>Stra\u00dfenmeisterei<\/strong><\/p>\n<p>Zum \u201eTag der offenen T\u00fcr\u201c lud im Juni die Stra\u00dfenmeisterei Ravelsbach ein. Mit gro\u00dfer Begeisterung besichtigten die Sch\u00fclerInnen die Ger\u00e4te und R\u00e4umlichkeiten und erfuhren viel \u00fcber die Aufgaben zu allen Jahreszeiten.<\/p>\n<p><strong>Wir sind Klimaschule<\/strong><\/p>\n<p>Die Abschlusspr\u00e4sentation des Projektes Klimaschule fand am 21. Juni in Sitzendorf statt. Die einzelnen Schulen brachten verschiedene Darbietungen zum Thema Klimaschutz.<\/p>\n","protected":false},"excerpt":{"rendered":"<p>Schuljahr 2019\/20 Fasching in der Schule Den Faschingsdienstag feierten Sch\u00fcler und Lehrer gemeinsam ausgelassen im ganzen Schulhaus. Weihnachtsfeier Am 20. Dezember 2019 fand im Dorfzentrum in Hohenwarth die allj\u00e4hrliche Weihnachtsfeier der Volksschule M\u00fchlbach statt. Die Kinder brachten die Besucher mit ihrem Programm in weihnachtliche Stimmung. Ein herzliches Dankesch\u00f6n gilt dem Elternverein, der im Anschluss f\u00fcr &hellip; <\/p>\n<p class=\"link-more\"><a href=\"https:\/\/vshohenwarth-muehlbach.ac.at\/?page_id=2323\" class=\"more-link\"><span class=\"screen-reader-text\">\u201e2019\/20\u201c<\/span> weiterlesen<\/a><\/p>\n","protected":false},"author":2,"featured_media":0,"parent":0,"menu_order":0,"comment_status":"closed","ping_status":"closed","template":"","meta":{"footnotes":""},"class_list":["post-2323","page","type-page","status-publish","hentry"],"_links":{"self":[{"href":"https:\/\/vshohenwarth-muehlbach.ac.at\/index.php?rest_route=\/wp\/v2\/pages\/2323","targetHints":{"allow":["GET"]}}],"collection":[{"href":"https:\/\/vshohenwarth-muehlbach.ac.at\/index.php?rest_route=\/wp\/v2\/pages"}],"about":[{"href":"https:\/\/vshohenwarth-muehlbach.ac.at\/index.php?rest_route=\/wp\/v2\/types\/page"}],"author":[{"embeddable":true,"href":"https:\/\/vshohenwarth-muehlbach.ac.at\/index.php?rest_route=\/wp\/v2\/users\/2"}],"replies":[{"embeddable":true,"href":"https:\/\/vshohenwarth-muehlbach.ac.at\/index.php?rest_route=%2Fwp%2Fv2%2Fcomments&post=2323"}],"version-history":[{"count":4,"href":"https:\/\/vshohenwarth-muehlbach.ac.at\/index.php?rest_route=\/wp\/v2\/pages\/2323\/revisions"}],"predecessor-version":[{"id":2360,"href":"https:\/\/vshohenwarth-muehlbach.ac.at\/index.php?rest_route=\/wp\/v2\/pages\/2323\/revisions\/2360"}],"wp:attachment":[{"href":"https:\/\/vshohenwarth-muehlbach.ac.at\/index.php?rest_route=%2Fwp%2Fv2%2Fmedia&parent=2323"}],"curies":[{"name":"wp","href":"https:\/\/api.w.org\/{rel}","templated":true}]}}