{"id":2328,"date":"2024-10-04T20:02:53","date_gmt":"2024-10-04T18:02:53","guid":{"rendered":"http:\/\/vshohenwarth-muehlbach.ac.at\/?page_id=2328"},"modified":"2024-10-04T20:29:43","modified_gmt":"2024-10-04T18:29:43","slug":"2020-21","status":"publish","type":"page","link":"https:\/\/vshohenwarth-muehlbach.ac.at\/?page_id=2328","title":{"rendered":"2020\/21"},"content":{"rendered":"<h2 style=\"text-align: center;\"><em>Schuljahr 2020\/21<\/em><\/h2>\n<p><strong>Happy Birthday, liebe Gerlinde<\/strong>\u00a0(23.10.2020)<\/p>\n<p>Gemeinsam gratulierten wir Gerlinde Stotter zum 50. Geburtstag!<\/p>\n<p><a href=\"https:\/\/vshohenwarthmuehlbach-my.sharepoint.com\/:f:\/g\/personal\/galerie_vshohenwarth-muehlbach_ac_at\/Es7G9dpQeaVOnnRIQQbTOMoBBNJygj5SQsjyCYi83NPoew?e=8ROA7A\" target=\"_blank\" rel=\"noopener noreferrer\">Zu den Fotos &#8230;<\/a><\/p>\n<p><strong>Die Polizei zu Besuch in der Schule<\/strong> (30.09.2020)<\/p>\n<p>Die 1. und 2. Schulstufe marschierte gemeinsam mit der Polizei durch M\u00fchlbach und besprach m\u00f6gliche Gefahren auf dem Weg zur Schule bzw. zum Bus.<\/p>\n<p><a href=\"https:\/\/vshohenwarthmuehlbach-my.sharepoint.com\/:f:\/g\/personal\/galerie_vshohenwarth-muehlbach_ac_at\/EgWt2mA9qCZDgB7NGJqYtxwBBq4Na8VSMJNSefT2pcdhrg?e=Po8Lce\" target=\"_blank\" rel=\"noopener noreferrer\">Zu den Fotos &#8230;<\/a><\/p>\n<p><strong>\u00dcbergabe der Jausenboxen des Abfallverbandes<\/strong><\/p>\n<p>Die Sch\u00fclerinnen und Sch\u00fcler der 1. Schulstufe bedanken sich beim Abfallverband f\u00fcr die Jausenboxen.<\/p>\n<p><strong>Verabschiedung von RL Heidelinde Murko<\/strong> (28.09.2020)<\/p>\n<p>Wir verabschieden uns schweren Herzens von unserer Religionslehrerin Heidelinde Murko. Sie tritt ihre wohlverdiente Pension an. Wir w\u00fcnschen ihr eine sch\u00f6ne Zeit im Kreise ihrer Familie.<\/p>\n<p>Gleichzeitig freuen wir uns, dass wir Frau Anneliese Mucha als neue Religionslehrerin begr\u00fc\u00dfen d\u00fcrfen! Willkommen im Team!<\/p>\n<p><a href=\"https:\/\/vshohenwarthmuehlbach-my.sharepoint.com\/:f:\/g\/personal\/galerie_vshohenwarth-muehlbach_ac_at\/EoteP6Fa1lxNm3AZnJHUlq4B8_6ZniiyR8kdZ6HauRYBsg?e=ui6qo7\" target=\"_blank\" rel=\"noopener noreferrer\">Zu den Fotos &#8230;<\/a><\/p>\n<p><strong>Meine Busschule<\/strong> (24.09.2020)<\/p>\n<p>Gemeinsam mit der AUVA (Allgemeine Unfallversicherungsanstalt) und dem KFV (Kuratorium f\u00fcr Verkehrssicherheit) fand &#8222;Meine Busschule&#8220; statt. Ziel ist es,\u00a0Unf\u00e4lle \u00a0im Schulbus, an der Haltestelle oder auf dem Weg von und zur Haltestelle vorzubeugen.<\/p>\n<p>Die Aktion besteht aus f\u00fcnf Themenbereichen, die den Kindern sowohl in Theorie- als auch Praxiseinheiten vermittelt werden:<\/p>\n<ul>\n<li style=\"list-style-type: none;\">\n<ul>\n<li>Verhalten am Hin- und R\u00fcckweg<\/li>\n<li>Verhalten an der Haltestelle<\/li>\n<li>Verhalten beim Ein- und Aussteigen<\/li>\n<li>Verhalten im Bus (mit Bremsproben)<\/li>\n<li>Gefahrenquelle \u201eQueren\u201c vor oder hinter dem Bus (Bewusstmachen \u201eToter Winkel\u201c und eingeschr\u00e4nkte Sichtverh\u00e4ltnisse)<\/li>\n<\/ul>\n<\/li>\n<\/ul>\n<p><a href=\"https:\/\/vshohenwarthmuehlbach-my.sharepoint.com\/:f:\/g\/personal\/galerie_vshohenwarth-muehlbach_ac_at\/ElGNlne-CLdOoxEplklaeysBgiP5rrPAXz2eJdZyYWk8Aw?e=YdJWfG\" target=\"_blank\" rel=\"noopener noreferrer\">Zu den Fotos &#8230;<\/a><\/p>\n<p><strong>Buchstabentag der 1. Schulstufe<\/strong><\/p>\n<p>An verschiedensten Stationen erlernen die Sch\u00fclerinnen und Sch\u00fcler jede Woche einen neuen Buchstaben.<\/p>\n<p><a href=\"https:\/\/vshohenwarthmuehlbach-my.sharepoint.com\/:f:\/g\/personal\/galerie_vshohenwarth-muehlbach_ac_at\/ElqrsXhmHpRHhEIr1OK_X5QBjGK33kQUG9qM2YRTb1CHvg?e=ocEWOb\" target=\"_blank\" rel=\"noopener noreferrer\">Zu den Fotos &#8230;<\/a><\/p>\n","protected":false},"excerpt":{"rendered":"<p>Schuljahr 2020\/21 Happy Birthday, liebe Gerlinde\u00a0(23.10.2020) Gemeinsam gratulierten wir Gerlinde Stotter zum 50. Geburtstag! Zu den Fotos &#8230; Die Polizei zu Besuch in der Schule (30.09.2020) Die 1. und 2. Schulstufe marschierte gemeinsam mit der Polizei durch M\u00fchlbach und besprach m\u00f6gliche Gefahren auf dem Weg zur Schule bzw. zum Bus. Zu den Fotos &#8230; \u00dcbergabe &hellip; <\/p>\n<p class=\"link-more\"><a href=\"https:\/\/vshohenwarth-muehlbach.ac.at\/?page_id=2328\" class=\"more-link\"><span class=\"screen-reader-text\">\u201e2020\/21\u201c<\/span> weiterlesen<\/a><\/p>\n","protected":false},"author":2,"featured_media":0,"parent":0,"menu_order":0,"comment_status":"closed","ping_status":"closed","template":"","meta":{"footnotes":""},"class_list":["post-2328","page","type-page","status-publish","hentry"],"_links":{"self":[{"href":"https:\/\/vshohenwarth-muehlbach.ac.at\/index.php?rest_route=\/wp\/v2\/pages\/2328","targetHints":{"allow":["GET"]}}],"collection":[{"href":"https:\/\/vshohenwarth-muehlbach.ac.at\/index.php?rest_route=\/wp\/v2\/pages"}],"about":[{"href":"https:\/\/vshohenwarth-muehlbach.ac.at\/index.php?rest_route=\/wp\/v2\/types\/page"}],"author":[{"embeddable":true,"href":"https:\/\/vshohenwarth-muehlbach.ac.at\/index.php?rest_route=\/wp\/v2\/users\/2"}],"replies":[{"embeddable":true,"href":"https:\/\/vshohenwarth-muehlbach.ac.at\/index.php?rest_route=%2Fwp%2Fv2%2Fcomments&post=2328"}],"version-history":[{"count":3,"href":"https:\/\/vshohenwarth-muehlbach.ac.at\/index.php?rest_route=\/wp\/v2\/pages\/2328\/revisions"}],"predecessor-version":[{"id":2361,"href":"https:\/\/vshohenwarth-muehlbach.ac.at\/index.php?rest_route=\/wp\/v2\/pages\/2328\/revisions\/2361"}],"wp:attachment":[{"href":"https:\/\/vshohenwarth-muehlbach.ac.at\/index.php?rest_route=%2Fwp%2Fv2%2Fmedia&parent=2328"}],"curies":[{"name":"wp","href":"https:\/\/api.w.org\/{rel}","templated":true}]}}