{"id":2332,"date":"2024-10-04T20:06:22","date_gmt":"2024-10-04T18:06:22","guid":{"rendered":"http:\/\/vshohenwarth-muehlbach.ac.at\/?page_id=2332"},"modified":"2024-10-04T20:29:30","modified_gmt":"2024-10-04T18:29:30","slug":"2018-19","status":"publish","type":"page","link":"https:\/\/vshohenwarth-muehlbach.ac.at\/?page_id=2332","title":{"rendered":"2018\/19"},"content":{"rendered":"<h2 style=\"text-align: center;\"><em>Schuljahr 2018\/19<\/em><\/h2>\n<p><strong>Hebamme<\/strong><\/p>\n<p>Am 19. 2. 2019 besuchte Frau Sybille Moser in ihrer Funktion als Hebamme die Kinder der 3.\/4. Schulstufe. Gemeinsam wurden die Themen Ver\u00e4nderung des K\u00f6rpers in der Entwicklung vom Kind zum Erwachsenen, Pubert\u00e4t und Schwangerschaft erarbeitet. Durch das Vorwissen der Kinder und deren gro\u00dfes Interesse, wurden diese Themen sehr genau behandelt. Somit war der Vormittag f\u00fcr alle sehr informativ, lehrreich und kurzweilig. Danke an Frau Moser f\u00fcr diesen tollen Vormittag.<\/p>\n<p><strong>Naturkosmetik &amp; gesunde Ern\u00e4hrung<\/strong><\/p>\n<p>Die Naturfris\u00f6rin Lydia Streicher erz\u00e4hlte im Rahmen des Klimaprojektes, dass unser K\u00f6rper nicht nur Nahrung aufnimmt, sondern alles, was wir auf unseren K\u00f6rper und unsere Haare auftragen. Am besten w\u00e4re es, wenn alle Kosmetikartikel, die wir verwenden auch essbar w\u00e4ren. Dann k\u00f6nnten wir sicher sein, dass sie auch unbedenklich sind. Das beeindruckte die Kinder sehr.<\/p>\n<p><strong>Im Technischen Museum Wien<\/strong><\/p>\n<p>Am 13.5. besuchten die 3.\/4. Schulstufe der VS M\u00fchlbach und Ravelsbach im Zuge ihres Klimaprojektes das Technische Museum in Wien. Zuerst erkundeten die Sch\u00fclerInnen selbstst\u00e4ndig das Museum und danach genossen sie eine interessante F\u00fchrung zum Thema \u201e Plastik-Fantastik und Energie und Strom\u201c.<\/p>\n<p><strong>Biogasanlage Ziersdorf und Kl\u00e4ranlage Ravelsbach<\/strong><\/p>\n<p>Im Zuge des Klimaprojektes besuchte die 3. und 4. Schulstufe die Biogasanlage in Ziersdorf und die Kl\u00e4ranlage in Ravelsbach wo sie wertvolle Informationen erhielten. In der Biogasanlage erfuhren die Sch\u00fclerInnen wie organische Materialien verarbeitet und schlie\u00dflich f\u00fcr Strom oder wieder f\u00fcr landwirtschaftlichen D\u00fcnger verwendet werden. Pro Tag werden 1500 kwh elektrische Energie und weitere 1500 kwh thermische Energie in jeder Anlage erzeugt. So konnten die Kinder neue Kenntnisse gewinnen. In der Kl\u00e4ranlage konnten die Kinder neue Kenntnisse \u00fcber die Abwasserbeseitigung gewinnen. Ein h\u00f6chst lehrreicher Vormittag f\u00fcr alle.<\/p>\n<p><strong>Schwimmunterricht<\/strong><\/p>\n<p>Die Kinder der 3. Schulstufe absolvierten ihren Schwimmunterricht mit Unterst\u00fctzung von Schwimmlehrern in Raabs. Durch die Erf\u00fcllung der notwendigen Schwimmkenntnisse konnten die Sch\u00fclerInnen ein Schwimmzeichen erlangen. Ein gro\u00dfes Dankesch\u00f6n gilt der Gemeinde und dem Elternverein, die uns finanziell unterst\u00fctzt haben.<\/p>\n<p><strong>Volksschule M\u00fchlbach ist Schutzengelschule 2019<\/strong><\/p>\n<p>Teilnahme am Schutzengelfest 2019 bei der Garten Tulln am 17. Mai 2019<\/p>\n<p>Bereits zum 19. Mal fand heuer die \u201eAktion Schutzengel\u201c \u2013 initiiert von Landeshauptfrau Johanna Mikl-Leitner und dem Sicherheitsforum Nieder\u00f6sterreich \u2013 statt.<\/p>\n<p>Die Volksschule Hohenwarth\/M\u00fchlbach, Schutzengelschule im Bezirk Hollabrunn, gewann die Teilnahme am diesj\u00e4hrigen Abschlussfest in der Garten Tulln.<\/p>\n<p>Die Wirtschaftskammer Nieder\u00f6sterreich unterst\u00fctzt das \u201eGro\u00dfe Schutzengelfest 2019\u201c und stellt f\u00fcr die Kinder die Jause, geliefert vom \u00f6rtlichen SPAR-Kaufhaus Riegler, zur Verf\u00fcgung. WK-Bezirksstellenobmann Alfred Babinsky besuchte kurz vor der Abfahrt die Ausfl\u00fcgler mit LAbg. Richard Hogl und Bgm. Martin Gudenus und \u00fcbergab die Jausensackerl.<\/p>\n<p><strong>Buchspende<\/strong><\/p>\n<p>Vielen herzlichen Dank an den Elternverein und die Gemeinde f\u00fcr die gro\u00dfartige Buchspende an die Klassenb\u00fcchereien. So haben die Sch\u00fcler\/innen immer genug Lesefutter.<\/p>\n<p><strong>Weihnachtsfeier<\/strong><\/p>\n<p>Die Sch\u00fclerinnen und Sch\u00fcler der Volksschule stellten mit ihren Lehrerinnen ein stimmungsvolles Programm zusammen. Die musikalischen Auftritte wurden durch Frau Hilde Ehrentraut, Frau Brigitte Sohm, Herrn Edwin Sohm, Herrn Matthias Schuster und Frau Michaela Graf bereichert. F\u00fcr Speis und Trank sorgte wie immer der Elternverein. Ein herzliches Dankesch\u00f6n an alle Helferinnen und Helfer, die diese Feier erm\u00f6glichten<\/p>\n<p><strong>Klimaprojekt<\/strong><\/p>\n<p>Die 3. und 4. Klasse nahm in diesem Schuljahr am Klimaprojekt der Klima- und Energiemodellregion Schmidatal unter der Leitung von Dipl. Ing. Silvia K\u00f6llner teil. Zahlreiche Ausfl\u00fcge und Workshops zum Thema Klima und Energie sind geplant.<\/p>\n<p>Stattgefunden haben bereits der Lehrausgang in das W\u00e4rmekraftwerk Thei\u00df, Energieworkshops- und W\u00e4rmebildkamera und die Besichtigung und F\u00fchrung durch die M\u00fcllverbrennungsanlage Spittelau. Am 21.2. fuhren die Sch\u00fcler mit dem Zug zur M\u00fcllverbrennungsanlage Spittelau um einen Einblick zu gewinnen, was mit ihrem M\u00fcll passiert und wie daraus Energie gewonnen wird. Anschlie\u00dfend besuchten wir die Energie-Erlebniswelt, wo wir auf unterhaltsame, interaktive und sehr lehrreiche Weise viel rund um das Thema Energie- und Umweltbewusstsein erfuhren. Ein H\u00f6hepunkt war sicherlich das \u201eTanzkraftwerk\u201c, wo wir durch Tanzen sichtbar Energie erzeugten.<\/p>\n<p>Den Sch\u00fclern ist nun bewusst, dass jeder Einzelne verpflichtet ist, M\u00fcll zu vermeiden, um damit am Klimaschutz aktiv teilzunehmen.<\/p>\n<p><strong>Eislaufen<\/strong><\/p>\n<p>Die Kinder der 3. und 4. Schulstufe fuhren im Februar nach Sitzendorf eislaufen. Ob Anf\u00e4nger oder Fortgeschrittene, allen bereitete es gro\u00dfe Freude.<\/p>\n<p><strong>Klima- und Energieprojekt in der Volksschule <\/strong><\/p>\n<p>Die 3. und 4. Klasse beteiligen sich im heurigen Schuljahr am Projekt Klimaschulen der Klima- und Energie-Modellregion Schmidatal. Es sollen langfristige Verhaltens\u00e4nderungen von Klima- und Energiethemen in den Schulalltag einflie\u00dfen. Im Rahmen dieses Projekts wurde ein Lehrausgang zum Kraftwerk Ottenstein und in die Sonnenwelt Gro\u00dfsch\u00f6nau finanziert.<\/p>\n<p><strong>\u00a0<\/strong><strong>Verabschiedung Anton Engelmaier<\/strong><\/p>\n<p>Am 14. 11.2018 verabschiedete die Volksschule den langj\u00e4hrigen Buschauffeur Anton Engelmaier mit Liedern und guten W\u00fcnschen in den wohlverdienten Ruhestand.<\/p>\n<p><strong>Schutzengelschule<\/strong><\/p>\n<p>Schutzengelklasse 2018 aus dem Bezirk Hollabrunn ist die 1. Klassse der Volksschule Hohenwarth \u2013 M\u00fchlbach. Am 17. Mai sind alle Kinder der Volksschule zum Schutzengelfest zur \u201eGarten Tulln\u201c eingeladen.<\/p>\n","protected":false},"excerpt":{"rendered":"<p>Schuljahr 2018\/19 Hebamme Am 19. 2. 2019 besuchte Frau Sybille Moser in ihrer Funktion als Hebamme die Kinder der 3.\/4. Schulstufe. Gemeinsam wurden die Themen Ver\u00e4nderung des K\u00f6rpers in der Entwicklung vom Kind zum Erwachsenen, Pubert\u00e4t und Schwangerschaft erarbeitet. Durch das Vorwissen der Kinder und deren gro\u00dfes Interesse, wurden diese Themen sehr genau behandelt. Somit &hellip; <\/p>\n<p class=\"link-more\"><a href=\"https:\/\/vshohenwarth-muehlbach.ac.at\/?page_id=2332\" class=\"more-link\"><span class=\"screen-reader-text\">\u201e2018\/19\u201c<\/span> weiterlesen<\/a><\/p>\n","protected":false},"author":2,"featured_media":0,"parent":0,"menu_order":0,"comment_status":"closed","ping_status":"closed","template":"","meta":{"footnotes":""},"class_list":["post-2332","page","type-page","status-publish","hentry"],"_links":{"self":[{"href":"https:\/\/vshohenwarth-muehlbach.ac.at\/index.php?rest_route=\/wp\/v2\/pages\/2332","targetHints":{"allow":["GET"]}}],"collection":[{"href":"https:\/\/vshohenwarth-muehlbach.ac.at\/index.php?rest_route=\/wp\/v2\/pages"}],"about":[{"href":"https:\/\/vshohenwarth-muehlbach.ac.at\/index.php?rest_route=\/wp\/v2\/types\/page"}],"author":[{"embeddable":true,"href":"https:\/\/vshohenwarth-muehlbach.ac.at\/index.php?rest_route=\/wp\/v2\/users\/2"}],"replies":[{"embeddable":true,"href":"https:\/\/vshohenwarth-muehlbach.ac.at\/index.php?rest_route=%2Fwp%2Fv2%2Fcomments&post=2332"}],"version-history":[{"count":2,"href":"https:\/\/vshohenwarth-muehlbach.ac.at\/index.php?rest_route=\/wp\/v2\/pages\/2332\/revisions"}],"predecessor-version":[{"id":2359,"href":"https:\/\/vshohenwarth-muehlbach.ac.at\/index.php?rest_route=\/wp\/v2\/pages\/2332\/revisions\/2359"}],"wp:attachment":[{"href":"https:\/\/vshohenwarth-muehlbach.ac.at\/index.php?rest_route=%2Fwp%2Fv2%2Fmedia&parent=2332"}],"curies":[{"name":"wp","href":"https:\/\/api.w.org\/{rel}","templated":true}]}}